{"id":34,"date":"2017-11-28T15:04:11","date_gmt":"2017-11-28T15:04:11","guid":{"rendered":"http:\/\/www.timobuske.de\/photo\/?page_id=34"},"modified":"2023-01-10T16:27:40","modified_gmt":"2023-01-10T16:27:40","slug":"contact","status":"publish","type":"page","link":"http:\/\/www.timobuske.de\/photo\/contact\/","title":{"rendered":"Contact"},"content":{"rendered":"\n<div class=\"is-layout-flex wp-container-3 wp-block-columns\">\n<div class=\"is-layout-flow wp-block-column\">\n<figure class=\"wp-block-image size-large\"><img decoding=\"async\" loading=\"lazy\" width=\"1024\" height=\"683\" src=\"http:\/\/www.timobuske.de\/photo\/wp-content\/uploads\/2020\/04\/timobuske_2020-1024x683.jpg\" alt=\"\" class=\"wp-image-292\" srcset=\"http:\/\/www.timobuske.de\/photo\/wp-content\/uploads\/2020\/04\/timobuske_2020-1024x683.jpg 1024w, http:\/\/www.timobuske.de\/photo\/wp-content\/uploads\/2020\/04\/timobuske_2020-300x200.jpg 300w, http:\/\/www.timobuske.de\/photo\/wp-content\/uploads\/2020\/04\/timobuske_2020-768x512.jpg 768w, http:\/\/www.timobuske.de\/photo\/wp-content\/uploads\/2020\/04\/timobuske_2020-1536x1024.jpg 1536w, http:\/\/www.timobuske.de\/photo\/wp-content\/uploads\/2020\/04\/timobuske_2020-1568x1045.jpg 1568w, http:\/\/www.timobuske.de\/photo\/wp-content\/uploads\/2020\/04\/timobuske_2020.jpg 1920w\" sizes=\"(max-width: 1024px) 100vw, 1024px\" \/><\/figure>\n<\/div>\n\n\n\n<div class=\"is-layout-flow wp-block-column\">\n<p>Vo\u00dfbarg 9<br>25421 Pinneberg<br>Germany<\/p>\n\n\n\n<p>+49 179 9728395<br>photo (at) timobuske.de<\/p>\n\n\n\n<p>USt-ID: DE244532220<\/p>\n<\/div>\n<\/div>\n\n\n\n<div class=\"is-layout-flow wp-block-group\"><div class=\"wp-block-group__inner-container\">\n<p><\/p>\n<\/div><\/div>\n\n\n\n<h2>\u00a9 Timo Buske<\/h2>\n\n\n\n<div class=\"is-layout-flex wp-container-7 wp-block-columns\">\n<div class=\"is-layout-flow wp-block-column\">\n<p>Jeglicher Inhalt dieser Seite, alle Fotos und auch die Seite selbst sind urheberrechtlich gesch\u00fctzt. <strong>Alle Rechte vorbehalten.<\/strong> Das Kopieren oder Reproduzieren der Seite respektive von Teilen der Seite ist nicht gestattet, es sei denn, Timo Buske hat dies vorher schriftlich genehmigt.<\/p>\n<\/div>\n\n\n\n<div class=\"is-layout-flow wp-block-column\">\n<p>All content included on this site, such as photos, graphics, text, designs and layouts is the property of Timo Buske and protected by german and international copyright laws. <strong>All rights reserved.<\/strong><\/p>\n<\/div>\n<\/div>\n\n\n\n<h2>Datenschutzerkl\u00e4rung<\/h2>\n\n\n\n<h4>Verantwortliche Stelle<\/h4>\n\n\n\n<div class=\"is-layout-flex wp-container-10 wp-block-columns\">\n<div class=\"is-layout-flow wp-block-column\">\n<p>Timo Buske<br>Vo\u00dfbarg 9<br>25421 Pinneberg<\/p>\n<\/div>\n\n\n\n<div class=\"is-layout-flow wp-block-column\">\n<p>Die verantwortliche Stelle entscheidet allein oder gemeinsam mit anderen \u00fcber die Zwecke und Mittel der Verarbeitung von personenbezogenen Daten (z.B. Namen, Kontaktdaten o. \u00c4.).<\/p>\n<\/div>\n<\/div>\n\n\n\n<h4>Widerruf Ihrer Einwilligung zur Datenverarbeitung<\/h4>\n\n\n\n<p class=\"has-small-font-size\">Nur mit Ihrer ausdr\u00fccklichen Einwilligung sind einige Vorg\u00e4nge der Datenverarbeitung m\u00f6glich. Ein Widerruf Ihrer bereits erteilten Einwilligung ist jederzeit m\u00f6glich. F\u00fcr den Widerruf gen\u00fcgt eine formlose Mitteilung per E-Mail. Die Rechtm\u00e4\u00dfigkeit der bis zum Widerruf erfolgten Datenverarbeitung bleibt vom Widerruf unber\u00fchrt.<\/p>\n\n\n\n<h4>Recht auf Beschwerde bei der zust\u00e4ndigen Aufsichtsbeh\u00f6rde<\/h4>\n\n\n\n<p class=\"has-small-font-size\">Als Betroffener steht Ihnen im Falle eines datenschutzrechtlichen Versto\u00dfes ein Beschwerderecht bei der zust\u00e4ndigen Aufsichtsbeh\u00f6rde zu. Zust\u00e4ndige Aufsichtsbeh\u00f6rde bez\u00fcglich datenschutzrechtlicher Fragen ist der Landesdatenschutzbeauftragte des Bundeslandes, in dem sich der Sitz unseres Unternehmens befindet. Der folgende Link stellt eine Liste der Datenschutzbeauftragten sowie deren Kontaktdaten bereit: https:\/\/www.bfdi.bund.de\/DE\/Infothek\/Anschriften_Links\/anschriften_links-node.html.<\/p>\n\n\n\n<h4>Recht auf Daten\u00fcbertragbarkeit<\/h4>\n\n\n\n<p class=\"has-small-font-size\">Ihnen steht das Recht zu, Daten, die wir auf Grundlage Ihrer Einwilligung oder in Erf\u00fcllung eines Vertrags automatisiert verarbeiten, an sich oder an Dritte aush\u00e4ndigen zu lassen. Die Bereitstellung erfolgt in einem maschinenlesbaren Format. Sofern Sie die direkte \u00dcbertragung der Daten an einen anderen Verantwortlichen verlangen, erfolgt dies nur, soweit es technisch machbar ist.<\/p>\n\n\n\n<h4>Recht auf Auskunft, Berichtigung, Sperrung, L\u00f6schung<\/h4>\n\n\n\n<p class=\"has-small-font-size\">Sie haben jederzeit im Rahmen der geltenden gesetzlichen Bestimmungen das Recht auf unentgeltliche Auskunft \u00fcber Ihre gespeicherten personenbezogenen Daten, Herkunft der Daten, deren Empf\u00e4nger und den Zweck der Datenverarbeitung und ggf. ein Recht auf Berichtigung, Sperrung oder L\u00f6schung dieser Daten. Diesbez\u00fcglich und auch zu weiteren Fragen zum Thema personenbezogene Daten k\u00f6nnen Sie sich jederzeit \u00fcber die im Impressum aufgef\u00fchrten Kontaktm\u00f6glichkeiten an uns wenden.<\/p>\n\n\n\n<h4>SSL- bzw. TLS-Verschl\u00fcsselung<\/h4>\n\n\n\n<p class=\"has-small-font-size\">Aus Sicherheitsgr\u00fcnden und zum Schutz der \u00dcbertragung vertraulicher Inhalte, die Sie an uns als Seitenbetreiber senden, nutzt unsere Website eine SSL-bzw. TLS-Verschl\u00fcsselung. Damit sind Daten, die Sie \u00fcber diese Website \u00fcbermitteln, f\u00fcr Dritte nicht mitlesbar. Sie erkennen eine verschl\u00fcsselte Verbindung an der \u201ehttps:\/\/\u201c Adresszeile Ihres Browsers und am Schloss-Symbol in der Browserzeile.<\/p>\n\n\n\n<h4>Kontaktformular<\/h4>\n\n\n\n<p class=\"has-small-font-size\">Per Kontaktformular \u00fcbermittelte Daten werden einschlie\u00dflich Ihrer Kontaktdaten gespeichert, um Ihre Anfrage bearbeiten zu k\u00f6nnen oder um f\u00fcr Anschlussfragen bereitzustehen. Eine Weitergabe dieser Daten findet ohne Ihre Einwilligung nicht statt.<\/p>\n\n\n\n<p class=\"has-small-font-size\">Die Verarbeitung der in das Kontaktformular eingegebenen Daten erfolgt ausschlie\u00dflich auf Grundlage Ihrer Einwilligung (Art. 6 Abs. 1 lit. a DSGVO). Ein Widerruf Ihrer bereits erteilten Einwilligung ist jederzeit m\u00f6glich. F\u00fcr den Widerruf gen\u00fcgt eine formlose Mitteilung per E-Mail. Die Rechtm\u00e4\u00dfigkeit der bis zum Widerruf erfolgten Datenverarbeitungsvorg\u00e4nge bleibt vom Widerruf unber\u00fchrt.<\/p>\n\n\n\n<p class=\"has-small-font-size\">\u00dcber das Kontaktformular \u00fcbermittelte Daten verbleiben bei uns, bis Sie uns zur L\u00f6schung auffordern, Ihre Einwilligung zur Speicherung widerrufen oder keine Notwendigkeit der Datenspeicherung mehr besteht. Zwingende gesetzliche Bestimmungen &#8211; insbesondere Aufbewahrungsfristen &#8211; bleiben unber\u00fchrt.<\/p>\n\n\n\n<h4>Cookies<\/h4>\n\n\n\n<p class=\"has-small-font-size\">Unsere Website verwendet Cookies. Das sind kleine Textdateien, die Ihr Webbrowser auf Ihrem Endger\u00e4t speichert. Cookies helfen uns dabei, unser Angebot nutzerfreundlicher, effektiver und sicherer zu machen.<\/p>\n\n\n\n<p class=\"has-small-font-size\">Einige Cookies sind \u201cSession-Cookies.\u201d Solche Cookies werden nach Ende Ihrer Browser-Sitzung von selbst gel\u00f6scht. Hingegen bleiben andere Cookies auf Ihrem Endger\u00e4t bestehen, bis Sie diese selbst l\u00f6schen. Solche Cookies helfen uns, Sie bei R\u00fcckkehr auf unserer Website wiederzuerkennen.<\/p>\n\n\n\n<p class=\"has-small-font-size\">Mit einem modernen Webbrowser k\u00f6nnen Sie das Setzen von Cookies \u00fcberwachen, einschr\u00e4nken oder unterbinden. Viele Webbrowser lassen sich so konfigurieren, dass Cookies mit dem Schlie\u00dfen des Programms von selbst gel\u00f6scht werden. Die Deaktivierung von Cookies kann eine eingeschr\u00e4nkte Funktionalit\u00e4t unserer Website zur Folge haben.<\/p>\n\n\n\n<p class=\"has-small-font-size\">Das Setzen von Cookies, die zur Aus\u00fcbung elektronischer Kommunikationsvorg\u00e4nge oder der Bereitstellung bestimmter, von Ihnen erw\u00fcnschter Funktionen (z.B. Warenkorb) notwendig sind, erfolgt auf Grundlage von Art. 6 Abs. 1 lit. f DSGVO. Als Betreiber dieser Website haben wir ein berechtigtes Interesse an der Speicherung von Cookies zur technisch fehlerfreien und reibungslosen Bereitstellung unserer Dienste. Sofern die Setzung anderer Cookies (z.B. f\u00fcr Analyse-Funktionen) erfolgt, werden diese in dieser Datenschutzerkl\u00e4rung separat behandelt.<\/p>\n\n\n\n<h4>PayPal<\/h4>\n\n\n\n<p class=\"has-small-font-size\">Unsere Website erm\u00f6glicht die Bezahlung via PayPal. Anbieter des Bezahldienstes ist die PayPal (Europe) S.\u00e0.r.l. et Cie, S.C.A., 22-24 Boulevard Royal, L-2449 Luxembourg.<\/p>\n\n\n\n<p class=\"has-small-font-size\">Wenn Sie mit PayPal bezahlen, erfolgt eine \u00dcbermittlung der von Ihnen eingegebenen Zahlungsdaten an PayPal.<\/p>\n\n\n\n<p class=\"has-small-font-size\">Die \u00dcbermittlung Ihrer Daten an PayPal erfolgt auf Grundlage von Art. 6 Abs. 1 lit. a DSGVO (Einwilligung) und Art. 6 Abs. 1 lit. b DSGVO (Verarbeitung zur Erf\u00fcllung eines Vertrags). Ein Widerruf Ihrer bereits erteilten Einwilligung ist jederzeit m\u00f6glich. In der Vergangenheit liegende Datenverarbeitungsvorg\u00e4nge bleiben bei einem Widerruf wirksam.<\/p>\n\n\n\n<h4>Amazon Partnerprogramm<\/h4>\n\n\n\n<p class=\"has-small-font-size\">Als Betreiber dieser Website nehmen wir am Amazon EU-Partnerprogramm teil. Auf unseren Seiten sind Werbeanzeigen von Amazon sowie Links zu Amazon eingebunden, um damit Geld \u00fcber Werbekostenerstattungen zu verdienen. Es gelangen Amazon-Cookies zum Einsatz, wodurch Amazon erkennt, dass Sie einen Partnerlink auf unserer Website geklickt haben.<\/p>\n\n\n\n<p class=\"has-small-font-size\">Die Speicherung von \u201cAmazon-Cookies\u201d erfolgt auf Grundlage von Art. 6 lit. f DSGVO. Als Websitebetreiber haben wir hieran ein berechtigtes Interesse, da nur durch die Cookies die H\u00f6he der Werbekostenerstattung feststellbar ist.<\/p>\n\n\n\n<p class=\"has-small-font-size\">Einzelheiten zur Datennutzung durch Amazon finden Sie in der Amazon Datenschutzerkl\u00e4rung: https:\/\/www.amazon.de\/gp\/help\/customer\/display.html\/ref=footer_privacy?ie=UTF8&amp;nodeId=3312401.<\/p>\n\n\n\n<p><\/p>\n","protected":false},"excerpt":{"rendered":"<p>Vo\u00dfbarg 925421 PinnebergGermany +49 179 9728395photo (at) timobuske.de USt-ID: DE244532220 \u00a9 Timo Buske Jeglicher Inhalt dieser Seite, alle Fotos und auch die Seite selbst sind urheberrechtlich gesch\u00fctzt. Alle Rechte vorbehalten. Das Kopieren oder Reproduzieren der Seite respektive von Teilen der Seite ist nicht gestattet, es sei denn, Timo Buske hat dies vorher schriftlich genehmigt. All &hellip; <\/p>\n<p class=\"link-more\"><a href=\"http:\/\/www.timobuske.de\/photo\/contact\/\" class=\"more-link\">Continue reading<span class=\"screen-reader-text\"> &#8220;Contact&#8221;<\/span><\/a><\/p>\n","protected":false},"author":1,"featured_media":292,"parent":0,"menu_order":0,"comment_status":"closed","ping_status":"closed","template":"","meta":[],"_links":{"self":[{"href":"http:\/\/www.timobuske.de\/photo\/wp-json\/wp\/v2\/pages\/34"}],"collection":[{"href":"http:\/\/www.timobuske.de\/photo\/wp-json\/wp\/v2\/pages"}],"about":[{"href":"http:\/\/www.timobuske.de\/photo\/wp-json\/wp\/v2\/types\/page"}],"author":[{"embeddable":true,"href":"http:\/\/www.timobuske.de\/photo\/wp-json\/wp\/v2\/users\/1"}],"replies":[{"embeddable":true,"href":"http:\/\/www.timobuske.de\/photo\/wp-json\/wp\/v2\/comments?post=34"}],"version-history":[{"count":29,"href":"http:\/\/www.timobuske.de\/photo\/wp-json\/wp\/v2\/pages\/34\/revisions"}],"predecessor-version":[{"id":396,"href":"http:\/\/www.timobuske.de\/photo\/wp-json\/wp\/v2\/pages\/34\/revisions\/396"}],"wp:featuredmedia":[{"embeddable":true,"href":"http:\/\/www.timobuske.de\/photo\/wp-json\/wp\/v2\/media\/292"}],"wp:attachment":[{"href":"http:\/\/www.timobuske.de\/photo\/wp-json\/wp\/v2\/media?parent=34"}],"curies":[{"name":"wp","href":"https:\/\/api.w.org\/{rel}","templated":true}]}}