{"id":65,"date":"2017-08-06T21:00:53","date_gmt":"2017-08-06T21:00:53","guid":{"rendered":"http:\/\/www.timobuske.de\/openforces\/?page_id=65"},"modified":"2019-02-04T19:26:08","modified_gmt":"2019-02-04T18:26:08","slug":"reorg","status":"publish","type":"page","link":"http:\/\/www.timobuske.de\/openforces\/rules\/reorg\/","title":{"rendered":"Umgruppierung"},"content":{"rendered":"<h2>Eine Gruppe teilen<\/h2>\n<p>Bevor eine Gruppe ihren Befehl erh\u00e4lt, kann sie in beliebig viele Gruppen aufgeteilt werden. Dazu werden einfach weitere Modusw\u00fcrfel auf dem Feld platziert und so mit den Einheiten neue Gruppen geformt.<\/p>\n<p>Der Spieler darf dann in einem Zug mit allen so entstandenen Gruppen direkt hintereinander Befehle ausf\u00fchren. Vor dem Ausf\u00fchren des ersten Angriffs m\u00fcssen jedoch alle Bewegungen der resultierenden Gruppen ausgef\u00fchrt und alle Angriffe angesagt sein. Es ist erlaubt, unterschiedliche Modi zu verwenden.<\/p>\n<h2>Gruppen zusammenf\u00fchren<\/h2>\n<p>Nach der Bewegung einer Gruppe (auf die Bewegung kann nat\u00fcrlich auch verzichtet werden), kann diese\u00a0<span style=\"font-size: 1rem;\">sich einer anderen Gruppe anschlie\u00dfen. Dies ist nur erlaubt, wenn die andere Gruppe bereits einen Befehl in der Runde erhalten hat, um doppelte Bewegungen auszuschlie\u00dfen.<\/span><\/p>\n<p>Hierzu muss, eine Basisber\u00fchrung beider Gruppen vorliegen. Der Modusw\u00fcrfel der sich anschlie\u00dfenden Gruppe wird einfach vom Spielfeld genommen. Somit \u00fcbernimmt diese Gruppe den Modus der Zielgruppe. Ein gute Taktik ist zum Beispiel, sich mit einer Flucht in die Deckung einer anderen Gruppe zu werfen.<\/p>\n<p>Nach der Zusammenf\u00fchrung ist der\u00a0<span style=\"font-size: 1rem;\">Zug f\u00fcr die sich anschlie\u00dfende Gruppe beendet. Ein Angriff darf nicht mehr ausgef\u00fchrt werden, um doppelte Angriffe auszuschlie\u00dfen.<\/span><\/p>\n","protected":false},"excerpt":{"rendered":"<p>Eine Gruppe teilen Bevor eine Gruppe ihren Befehl erh\u00e4lt, kann sie in beliebig viele Gruppen aufgeteilt werden. Dazu werden einfach weitere Modusw\u00fcrfel auf dem Feld platziert und so mit den Einheiten neue Gruppen geformt. Der Spieler darf dann in einem Zug mit allen so entstandenen Gruppen direkt hintereinander Befehle ausf\u00fchren. Vor dem Ausf\u00fchren des ersten &hellip; <\/p>\n<p class=\"link-more\"><a href=\"http:\/\/www.timobuske.de\/openforces\/rules\/reorg\/\" class=\"more-link\">Continue reading<span class=\"screen-reader-text\"> &#8220;Umgruppierung&#8221;<\/span><\/a><\/p>\n","protected":false},"author":1,"featured_media":0,"parent":17,"menu_order":4,"comment_status":"closed","ping_status":"closed","template":"","meta":[],"_links":{"self":[{"href":"http:\/\/www.timobuske.de\/openforces\/wp-json\/wp\/v2\/pages\/65"}],"collection":[{"href":"http:\/\/www.timobuske.de\/openforces\/wp-json\/wp\/v2\/pages"}],"about":[{"href":"http:\/\/www.timobuske.de\/openforces\/wp-json\/wp\/v2\/types\/page"}],"author":[{"embeddable":true,"href":"http:\/\/www.timobuske.de\/openforces\/wp-json\/wp\/v2\/users\/1"}],"replies":[{"embeddable":true,"href":"http:\/\/www.timobuske.de\/openforces\/wp-json\/wp\/v2\/comments?post=65"}],"version-history":[{"count":13,"href":"http:\/\/www.timobuske.de\/openforces\/wp-json\/wp\/v2\/pages\/65\/revisions"}],"predecessor-version":[{"id":557,"href":"http:\/\/www.timobuske.de\/openforces\/wp-json\/wp\/v2\/pages\/65\/revisions\/557"}],"up":[{"embeddable":true,"href":"http:\/\/www.timobuske.de\/openforces\/wp-json\/wp\/v2\/pages\/17"}],"wp:attachment":[{"href":"http:\/\/www.timobuske.de\/openforces\/wp-json\/wp\/v2\/media?parent=65"}],"curies":[{"name":"wp","href":"https:\/\/api.w.org\/{rel}","templated":true}]}}