{"id":4,"date":"2017-08-06T13:10:07","date_gmt":"2017-08-06T13:10:07","guid":{"rendered":"http:\/\/localhost\/openforces\/?page_id=4"},"modified":"2017-08-21T18:12:16","modified_gmt":"2017-08-21T17:12:16","slug":"start","status":"publish","type":"page","link":"http:\/\/www.timobuske.de\/openforces\/","title":{"rendered":"Open Forces"},"content":{"rendered":"<p>Open Forces ist ein freies Tabletop-Spiel. Es gibt ein frei zug\u00e4ngliches Basisregelwerk, das im Gegensatz zu anderen Tabletop-Spielen auf Einfachheit hin entwickelt wurde und nur aus wenigen Seiten besteht.<\/p>\n<p>Es k\u00f6nnen beliebige Spielfiguren benutzt werden &#8211; von einfachen Steinen \u00fcber Plastiksoldaten bis hin zu aufw\u00e4ndig gestalteten Zinnfiguren und -vehikeln. Alle unterschiedlichen Einheiten definieren Ihre Eigenschaften \u00fcber Einheitenkarten, die in einer Auswahl von Beispielen ebenfalls frei download- und selbst ausdruckbar sind oder in Form von Blanko-Einheitenkarten sogar komplett frei erstellt werden k\u00f6nnen.<\/p>\n<p>Alles was dann noch ben\u00f6tigt wird, sind ein paar normale, sechsseitige W\u00fcrfel, ein Ma\u00dfband o. \u00e4. und ein Spielfeld, das auch eine einfache Tischplatte oder der Fu\u00dfboden sein kann.<\/p>\n<p>Wir w\u00fcnschen nun viel Spa\u00df beim Spielen. Wir glauben, Ihr kommt da schnell rein. Falls doch mal Fragen auftreten, schreibt uns gerne!<\/p>\n","protected":false},"excerpt":{"rendered":"<p>Open Forces ist ein freies Tabletop-Spiel. Es gibt ein frei zug\u00e4ngliches Basisregelwerk, das im Gegensatz zu anderen Tabletop-Spielen auf Einfachheit hin entwickelt wurde und nur aus wenigen Seiten besteht. Es k\u00f6nnen beliebige Spielfiguren benutzt werden &#8211; von einfachen Steinen \u00fcber Plastiksoldaten bis hin zu aufw\u00e4ndig gestalteten Zinnfiguren und -vehikeln. Alle unterschiedlichen Einheiten definieren Ihre Eigenschaften &hellip; <\/p>\n<p class=\"link-more\"><a href=\"http:\/\/www.timobuske.de\/openforces\/\" class=\"more-link\">Continue reading<span class=\"screen-reader-text\"> &#8220;Open Forces&#8221;<\/span><\/a><\/p>\n","protected":false},"author":1,"featured_media":0,"parent":0,"menu_order":0,"comment_status":"closed","ping_status":"closed","template":"","meta":[],"_links":{"self":[{"href":"http:\/\/www.timobuske.de\/openforces\/wp-json\/wp\/v2\/pages\/4"}],"collection":[{"href":"http:\/\/www.timobuske.de\/openforces\/wp-json\/wp\/v2\/pages"}],"about":[{"href":"http:\/\/www.timobuske.de\/openforces\/wp-json\/wp\/v2\/types\/page"}],"author":[{"embeddable":true,"href":"http:\/\/www.timobuske.de\/openforces\/wp-json\/wp\/v2\/users\/1"}],"replies":[{"embeddable":true,"href":"http:\/\/www.timobuske.de\/openforces\/wp-json\/wp\/v2\/comments?post=4"}],"version-history":[{"count":15,"href":"http:\/\/www.timobuske.de\/openforces\/wp-json\/wp\/v2\/pages\/4\/revisions"}],"predecessor-version":[{"id":320,"href":"http:\/\/www.timobuske.de\/openforces\/wp-json\/wp\/v2\/pages\/4\/revisions\/320"}],"wp:attachment":[{"href":"http:\/\/www.timobuske.de\/openforces\/wp-json\/wp\/v2\/media?parent=4"}],"curies":[{"name":"wp","href":"https:\/\/api.w.org\/{rel}","templated":true}]}}