{"id":34,"date":"2017-08-06T13:43:45","date_gmt":"2017-08-06T13:43:45","guid":{"rendered":"http:\/\/localhost\/openforces\/?page_id=34"},"modified":"2019-02-05T19:06:17","modified_gmt":"2019-02-05T18:06:17","slug":"downloads","status":"publish","type":"page","link":"http:\/\/www.timobuske.de\/openforces\/downloads\/","title":{"rendered":"Downloads"},"content":{"rendered":"<p>Der ersten Data-Cards-Entw\u00fcrfe sind fertig. Sie k\u00f6nnen hier heruntergeladen und selbst ausgedruckt werden:<\/p>\n<ul>\n<li><a href=\"http:\/\/www.timobuske.de\/openforces\/wp-content\/uploads\/2018\/07\/DataCards_Basis.pdf\"><strong><span style=\"color: #ff0000;\">DOWNLOAD Data Cards Basiseinheiten [02.07.2018]<br \/>\n<\/span><\/strong><\/a>Basis-Infantrie, Basis-Panzer, Scharfsch\u00fctze, Granatenwerfer<\/li>\n<li><a href=\"http:\/\/www.timobuske.de\/openforces\/wp-content\/uploads\/2018\/07\/DataCards_Terrain.pdf\"><span style=\"color: #ff0000;\"><strong>DOWNLOAD Data Cards Basisterrain [02.07.2018]<br \/>\n<\/strong><\/span><\/a>Deckung<\/li>\n<li><a href=\"http:\/\/www.timobuske.de\/openforces\/wp-content\/uploads\/2018\/07\/DataCards_Blanko.pdf\"><strong><span style=\"color: #ff0000;\">DOWNLOAD Data Cards Blanko [02.07.2017]<\/span><\/strong><\/a><br \/>\nZur Definition eigener Einheiten<\/li>\n<\/ul>\n<p>Das ist alles, was man f\u00fcr&#8217;s Erste braucht, um mit einem Standardp\u00e4ckchen Plastiksoldaten loszulegen.<\/p>\n<p>Die Erstellung der Data Cards ist ein extrem aufw\u00e4ndiger Prozess. Die Werte m\u00fcssen immer wieder ge\u00e4ndert und in allen Kombinationen getestet werden, bis das &#8220;Balancing&#8221; stimmt. Wir halten Euch nat\u00fcrlich auf dem Laufenden.<\/p>\n<p>Wer sich gerne Data Cards im original Open-Forces-Desgin erstellen m\u00f6chte, ohne die Werte mit der Hand auf die Karten zu schreiben, kann sich unser <a href=\"https:\/\/de.libreoffice.org\/\">Libre-Office<\/a>-Template herunterladen:<\/p>\n<ul>\n<li><span style=\"color: #ff0000;\"><strong><a href=\"http:\/\/www.timobuske.de\/openforces\/wp-content\/uploads\/2019\/02\/DataCards.ods\">DOWNLOAD Open Forces Data Cards f\u00fcr Libre Office [05.02.2019]<\/a><\/strong><\/span><\/li>\n<\/ul>\n<p>&nbsp;<\/p>\n","protected":false},"excerpt":{"rendered":"<p>Der ersten Data-Cards-Entw\u00fcrfe sind fertig. Sie k\u00f6nnen hier heruntergeladen und selbst ausgedruckt werden: DOWNLOAD Data Cards Basiseinheiten [02.07.2018] Basis-Infantrie, Basis-Panzer, Scharfsch\u00fctze, Granatenwerfer DOWNLOAD Data Cards Basisterrain [02.07.2018] Deckung DOWNLOAD Data Cards Blanko [02.07.2017] Zur Definition eigener Einheiten Das ist alles, was man f\u00fcr&#8217;s Erste braucht, um mit einem Standardp\u00e4ckchen Plastiksoldaten loszulegen. Die Erstellung der Data &hellip; <\/p>\n<p class=\"link-more\"><a href=\"http:\/\/www.timobuske.de\/openforces\/downloads\/\" class=\"more-link\">Continue reading<span class=\"screen-reader-text\"> &#8220;Downloads&#8221;<\/span><\/a><\/p>\n","protected":false},"author":1,"featured_media":0,"parent":0,"menu_order":0,"comment_status":"closed","ping_status":"closed","template":"","meta":[],"_links":{"self":[{"href":"http:\/\/www.timobuske.de\/openforces\/wp-json\/wp\/v2\/pages\/34"}],"collection":[{"href":"http:\/\/www.timobuske.de\/openforces\/wp-json\/wp\/v2\/pages"}],"about":[{"href":"http:\/\/www.timobuske.de\/openforces\/wp-json\/wp\/v2\/types\/page"}],"author":[{"embeddable":true,"href":"http:\/\/www.timobuske.de\/openforces\/wp-json\/wp\/v2\/users\/1"}],"replies":[{"embeddable":true,"href":"http:\/\/www.timobuske.de\/openforces\/wp-json\/wp\/v2\/comments?post=34"}],"version-history":[{"count":39,"href":"http:\/\/www.timobuske.de\/openforces\/wp-json\/wp\/v2\/pages\/34\/revisions"}],"predecessor-version":[{"id":561,"href":"http:\/\/www.timobuske.de\/openforces\/wp-json\/wp\/v2\/pages\/34\/revisions\/561"}],"wp:attachment":[{"href":"http:\/\/www.timobuske.de\/openforces\/wp-json\/wp\/v2\/media?parent=34"}],"curies":[{"name":"wp","href":"https:\/\/api.w.org\/{rel}","templated":true}]}}