{"id":265,"date":"2017-08-11T20:56:43","date_gmt":"2017-08-11T19:56:43","guid":{"rendered":"http:\/\/www.timobuske.de\/openforces\/?page_id=265"},"modified":"2018-06-21T15:41:21","modified_gmt":"2018-06-21T14:41:21","slug":"easy","status":"publish","type":"page","link":"http:\/\/www.timobuske.de\/openforces\/rules\/easy\/","title":{"rendered":"Vereinfachte Variante"},"content":{"rendered":"<p>Unser Ziel ist es, die Regeln m\u00f6glichst einfach zu halten. Dennoch geht es nat\u00fcrlich immer noch einfacher. Und der eine oder andere hat auch keine Lust auf Einheitenkarten oder Kopfrechnen. Daher stellen wir hier eine M\u00f6glichkeit vor, wie man noch einfacher spielen und noch schneller loslegen kann.<\/p>\n<p>Hierzu ignorieren wir alle DEF- und ATK-Werte. Wir m\u00fcssen also lediglich \u00fcberpr\u00fcfen, ob die W\u00fcrfelpaare gr\u00f6\u00dfer-gleich dem Basiswert 7 sind. Wir brauchen also weder den Schwellenwert auszurechnen, noch m\u00fcssen wir \u00fcberhaupt Einheitenkarten ausdrucken.<\/p>\n<p>Ich will aber Panzer!<\/p>\n<p>Bei einer derartigen Variante k\u00f6nnte man meinen, dass all die sch\u00f6nen anderen Figuren, wie Panzer und Scharfsch\u00fctzen unbenutzt bleiben. Auch hier gibt es Abhilfe: Ein Panzer kann zum Beispiel mit 6 oder 10 Infantristen gleichgesetzt werden und so auch im Spiel &#8220;umgetauscht&#8221; werden. Anhaltspunkte f\u00fcr die Wertigkeit von Einheiten k\u00f6nnen die Armeewerte der Einheiten liefern.<\/p>\n","protected":false},"excerpt":{"rendered":"<p>Unser Ziel ist es, die Regeln m\u00f6glichst einfach zu halten. Dennoch geht es nat\u00fcrlich immer noch einfacher. Und der eine oder andere hat auch keine Lust auf Einheitenkarten oder Kopfrechnen. Daher stellen wir hier eine M\u00f6glichkeit vor, wie man noch einfacher spielen und noch schneller loslegen kann. Hierzu ignorieren wir alle DEF- und ATK-Werte. Wir &hellip; <\/p>\n<p class=\"link-more\"><a href=\"http:\/\/www.timobuske.de\/openforces\/rules\/easy\/\" class=\"more-link\">Continue reading<span class=\"screen-reader-text\"> &#8220;Vereinfachte Variante&#8221;<\/span><\/a><\/p>\n","protected":false},"author":1,"featured_media":0,"parent":17,"menu_order":5,"comment_status":"closed","ping_status":"closed","template":"","meta":[],"_links":{"self":[{"href":"http:\/\/www.timobuske.de\/openforces\/wp-json\/wp\/v2\/pages\/265"}],"collection":[{"href":"http:\/\/www.timobuske.de\/openforces\/wp-json\/wp\/v2\/pages"}],"about":[{"href":"http:\/\/www.timobuske.de\/openforces\/wp-json\/wp\/v2\/types\/page"}],"author":[{"embeddable":true,"href":"http:\/\/www.timobuske.de\/openforces\/wp-json\/wp\/v2\/users\/1"}],"replies":[{"embeddable":true,"href":"http:\/\/www.timobuske.de\/openforces\/wp-json\/wp\/v2\/comments?post=265"}],"version-history":[{"count":8,"href":"http:\/\/www.timobuske.de\/openforces\/wp-json\/wp\/v2\/pages\/265\/revisions"}],"predecessor-version":[{"id":538,"href":"http:\/\/www.timobuske.de\/openforces\/wp-json\/wp\/v2\/pages\/265\/revisions\/538"}],"up":[{"embeddable":true,"href":"http:\/\/www.timobuske.de\/openforces\/wp-json\/wp\/v2\/pages\/17"}],"wp:attachment":[{"href":"http:\/\/www.timobuske.de\/openforces\/wp-json\/wp\/v2\/media?parent=265"}],"curies":[{"name":"wp","href":"https:\/\/api.w.org\/{rel}","templated":true}]}}