{"id":19,"date":"2017-08-06T13:27:10","date_gmt":"2017-08-06T13:27:10","guid":{"rendered":"http:\/\/localhost\/openforces\/?page_id=19"},"modified":"2023-04-19T11:03:16","modified_gmt":"2023-04-19T10:03:16","slug":"prep","status":"publish","type":"page","link":"http:\/\/www.timobuske.de\/openforces\/rules\/prep\/","title":{"rendered":"Vorbereitung"},"content":{"rendered":"<h2>Material<\/h2>\n<ul>\n<li>Dieses Regelwerk<\/li>\n<li>Einheiten, zum Beispiel Plastiksoldaten<\/li>\n<li>F\u00fcr jeden genutzten Einheitentyp die entsprechende Einheitenkarte<\/li>\n<li>Einige herk\u00f6mliche, sechsseitige W\u00fcrfel<\/li>\n<li>Ein Ma\u00dfband oder einen Zollstock<\/li>\n<li>Ein Spielfeld oder eine einfache Fl\u00e4che<\/li>\n<\/ul>\n<h2>Armeen<\/h2>\n<p><span style=\"font-size: 1rem;\">Zu Beginn wird festgelegt, wie hoch der gesamte Armeewert je Spieler bzw. je Team sein darf.\u00a0<\/span>Anschlie\u00dfend stellt sich jeder Spieler seine jeweilige Armee aus beliebigen Einheiten zusammen. Jeder Einheitentyp hat auf der entsprechenden Einheitenkarte einen bestimmten Armeewert angegeben. Die Summe der Armeewerte aller Einheiten einer Armee darf den zuvor festgelgten Gesamtarmeewert nicht \u00fcbersteigen.<\/p>\n<p>Es k\u00f6nnen abweichende Regelungen getroffen werden, zum Beispiel, dass jeder die exakt gleichen Einheiten erh\u00e4lt, oder sogar bei speziellen Missionen unterschiedliche Armeewerte.<\/p>\n<h2>Gruppen<\/h2>\n<p>Im zweiten Schritt werden die Einheiten auf dem Feld in Gruppen positioniert; m\u00f6glichst so, dass kein Angriff im ersten Zug m\u00f6glich ist. Ist dies kritisch, kann auch reihum Gruppe f\u00fcr Gruppe platziert werden.<\/p>\n<p>Eine Gruppe besteht immer aus einer oder mehreren Einheiten des gleichen Typs. Die maximale Anzahl an Einheiten pro Gruppe muss der entsprechenden Einheitenkarte entnommen werden. Einheiten einer Gruppe m\u00fcssen Basis an Basis stehen und in einer konvexen Form angeordnet sein. Jede Gruppe wird durch einen W\u00fcrfel, der ebenfalls die Basis ber\u00fchrt, gekennzeichnet.<\/p>\n<p>Die Zahl des W\u00fcrfels gibt den initialen Modus der Gruppe an. Hierzu sei zun\u00e4chst nur folgendes erw\u00e4hnt: Es ist meist sinnvoll, einen initialen Modus zu w\u00e4hlen, der einen hohen DEF-Wert bietet. In Normalfall ist dies der Modus 1.<\/p>\n","protected":false},"excerpt":{"rendered":"<p>Material Dieses Regelwerk Einheiten, zum Beispiel Plastiksoldaten F\u00fcr jeden genutzten Einheitentyp die entsprechende Einheitenkarte Einige herk\u00f6mliche, sechsseitige W\u00fcrfel Ein Ma\u00dfband oder einen Zollstock Ein Spielfeld oder eine einfache Fl\u00e4che Armeen Zu Beginn wird festgelegt, wie hoch der gesamte Armeewert je Spieler bzw. je Team sein darf.\u00a0Anschlie\u00dfend stellt sich jeder Spieler seine jeweilige Armee aus beliebigen &hellip; <\/p>\n<p class=\"link-more\"><a href=\"http:\/\/www.timobuske.de\/openforces\/rules\/prep\/\" class=\"more-link\">Continue reading<span class=\"screen-reader-text\"> &#8220;Vorbereitung&#8221;<\/span><\/a><\/p>\n","protected":false},"author":1,"featured_media":0,"parent":17,"menu_order":1,"comment_status":"closed","ping_status":"closed","template":"","meta":[],"_links":{"self":[{"href":"http:\/\/www.timobuske.de\/openforces\/wp-json\/wp\/v2\/pages\/19"}],"collection":[{"href":"http:\/\/www.timobuske.de\/openforces\/wp-json\/wp\/v2\/pages"}],"about":[{"href":"http:\/\/www.timobuske.de\/openforces\/wp-json\/wp\/v2\/types\/page"}],"author":[{"embeddable":true,"href":"http:\/\/www.timobuske.de\/openforces\/wp-json\/wp\/v2\/users\/1"}],"replies":[{"embeddable":true,"href":"http:\/\/www.timobuske.de\/openforces\/wp-json\/wp\/v2\/comments?post=19"}],"version-history":[{"count":30,"href":"http:\/\/www.timobuske.de\/openforces\/wp-json\/wp\/v2\/pages\/19\/revisions"}],"predecessor-version":[{"id":648,"href":"http:\/\/www.timobuske.de\/openforces\/wp-json\/wp\/v2\/pages\/19\/revisions\/648"}],"up":[{"embeddable":true,"href":"http:\/\/www.timobuske.de\/openforces\/wp-json\/wp\/v2\/pages\/17"}],"wp:attachment":[{"href":"http:\/\/www.timobuske.de\/openforces\/wp-json\/wp\/v2\/media?parent=19"}],"curies":[{"name":"wp","href":"https:\/\/api.w.org\/{rel}","templated":true}]}}